{"id":9,"date":"2019-02-03T15:44:04","date_gmt":"2019-02-03T15:44:04","guid":{"rendered":"http:\/\/alexandra-nikolaides.de\/?page_id=9"},"modified":"2019-02-03T16:07:05","modified_gmt":"2019-02-03T16:07:05","slug":"impressum","status":"publish","type":"page","link":"https:\/\/alexandra-nikolaides.de\/?page_id=9","title":{"rendered":"Impressum"},"content":{"rendered":"\n<p><\/p>\n\n\n\n<p>Angaben gem\u00e4\u00df \u00a7 5 TMG<\/p>\n\n\n\n<p>Dr. Alexandra Nikolaides<br>Diplom Psychologin &amp;<br>Psychologische Psychotherapeutin <br>Auf dem Berlich 34<br>50667 K\u00f6ln<br>  <\/p>\n\n\n\n<p> <strong>Vertreten durch: <\/strong><br> Dr. Alexandra Nikolaides<br> <\/p>\n\n\n\n<p><strong>Kontakt:<\/strong> <br> Telefon: 0176-78392245<br> E-Mail: <a href=\"mailto:info@alexandra-nikolaides.de\">info@alexandra-nikolaides.de<\/a><br><\/p>\n\n\n\n<p><strong>Aufsichtsbeh\u00f6rde:<\/strong><br> Psychotherapeutenkammer NRW<br><\/p>\n\n\n\n<p><strong>Haftungsausschluss: <\/strong><br><br><strong>Haftung f\u00fcr Inhalte<\/strong><br><br>\nDie Inhalte unserer Seiten wurden mit gr\u00f6\u00dfter Sorgfalt erstellt. F\u00fcr die\n Richtigkeit, Vollst\u00e4ndigkeit und Aktualit\u00e4t der Inhalte k\u00f6nnen wir \njedoch keine Gew\u00e4hr \u00fcbernehmen. Als Diensteanbieter sind wir gem\u00e4\u00df \u00a7 7 \nAbs.1 TMG f\u00fcr eigene Inhalte auf diesen Seiten nach den allgemeinen \nGesetzen verantwortlich. Nach \u00a7\u00a7 8 bis 10 TMG sind wir als \nDiensteanbieter jedoch nicht verpflichtet, \u00fcbermittelte oder \ngespeicherte fremde Informationen zu \u00fcberwachen oder nach Umst\u00e4nden zu \nforschen, die auf eine rechtswidrige T\u00e4tigkeit hinweisen. \nVerpflichtungen zur Entfernung oder Sperrung der Nutzung von \nInformationen nach den allgemeinen Gesetzen bleiben hiervon unber\u00fchrt. \nEine diesbez\u00fcgliche Haftung ist jedoch erst ab dem Zeitpunkt der \nKenntnis einer konkreten Rechtsverletzung m\u00f6glich. Bei Bekanntwerden von\n entsprechenden Rechtsverletzungen werden wir diese Inhalte umgehend \nentfernen.<br><br><strong>Haftung f\u00fcr Links<\/strong><br><br>\nUnser Angebot enth\u00e4lt Links zu externen Webseiten Dritter, auf deren \nInhalte wir keinen Einfluss haben. Deshalb k\u00f6nnen wir f\u00fcr diese fremden \nInhalte auch keine Gew\u00e4hr \u00fcbernehmen. F\u00fcr die Inhalte der verlinkten \nSeiten ist stets der jeweilige Anbieter oder Betreiber der Seiten \nverantwortlich. Die verlinkten Seiten wurden zum Zeitpunkt der \nVerlinkung auf m\u00f6gliche Rechtsverst\u00f6\u00dfe \u00fcberpr\u00fcft. Rechtswidrige Inhalte \nwaren zum Zeitpunkt der Verlinkung nicht erkennbar. Eine permanente \ninhaltliche Kontrolle der verlinkten Seiten ist jedoch ohne konkrete \nAnhaltspunkte einer Rechtsverletzung nicht zumutbar. Bei Bekanntwerden \nvon Rechtsverletzungen werden wir derartige Links umgehend entfernen.<br><br><strong>Urheberrecht<\/strong><br><br>\nDie durch die Seitenbetreiber erstellten Inhalte und Werke auf diesen \nSeiten unterliegen dem deutschen Urheberrecht. Die Vervielf\u00e4ltigung, \nBearbeitung, Verbreitung und jede Art der Verwertung au\u00dferhalb der \nGrenzen des Urheberrechtes bed\u00fcrfen der schriftlichen Zustimmung des \njeweiligen Autors bzw. Erstellers. Downloads und Kopien dieser Seite \nsind nur f\u00fcr den privaten, nicht kommerziellen Gebrauch gestattet. \nSoweit die Inhalte auf dieser Seite nicht vom Betreiber erstellt wurden,\n werden die Urheberrechte Dritter beachtet. Insbesondere werden Inhalte \nDritter als solche gekennzeichnet. Sollten Sie trotzdem auf eine \nUrheberrechtsverletzung aufmerksam werden, bitten wir um einen \nentsprechenden Hinweis. Bei Bekanntwerden von Rechtsverletzungen werden \nwir derartige Inhalte umgehend entfernen.<br><br><strong>Datenschutz<\/strong><br><br>\nDie Nutzung unserer Webseite ist in der Regel ohne Angabe \npersonenbezogener Daten m\u00f6glich. Soweit auf unseren Seiten \npersonenbezogene Daten (beispielsweise Name, Anschrift oder \neMail-Adressen) erhoben werden, erfolgt dies, soweit m\u00f6glich, stets auf \nfreiwilliger Basis. Diese Daten werden ohne Ihre ausdr\u00fcckliche \nZustimmung nicht an Dritte weitergegeben. <br>\nWir weisen darauf hin, dass die Daten\u00fcbertragung im Internet (z.B. bei \nder Kommunikation per E-Mail) Sicherheitsl\u00fccken aufweisen kann. Ein \nl\u00fcckenloser Schutz der Daten vor dem Zugriff durch Dritte ist nicht \nm\u00f6glich. <br>\nDer Nutzung von im Rahmen der Impressumspflicht ver\u00f6ffentlichten \nKontaktdaten durch Dritte zur \u00dcbersendung von nicht ausdr\u00fccklich \nangeforderter Werbung und Informationsmaterialien wird hiermit \nausdr\u00fccklich widersprochen. Die Betreiber der Seiten behalten sich \nausdr\u00fccklich rechtliche Schritte im Falle der unverlangten Zusendung von\n Werbeinformationen, etwa durch Spam-Mails, vor.<br>\n<br><br><strong>Google Analytics<\/strong><br><br>\nDiese Website benutzt Google Analytics, einen Webanalysedienst der \nGoogle Inc. (&#8220;Google&#8220;). Google Analytics verwendet sog. &#8220;Cookies&#8220;, \nTextdateien, die auf Ihrem Computer gespeichert werden und die eine \nAnalyse der Benutzung der Website durch Sie erm\u00f6glicht. Die durch den \nCookie erzeugten Informationen \u00fcber Ihre Benutzung dieser Website \n(einschlie\u00dflich Ihrer IP-Adresse) wird an einen Server von Google in den\n USA \u00fcbertragen und dort gespeichert. Google wird diese Informationen \nbenutzen, um Ihre Nutzung der Website auszuwerten, um Reports \u00fcber die \nWebsiteaktivit\u00e4ten f\u00fcr die Websitebetreiber zusammenzustellen und um \nweitere mit der Websitenutzung und der Internetnutzung verbundene \nDienstleistungen zu erbringen. Auch wird Google diese Informationen \ngegebenenfalls an Dritte \u00fcbertragen, sofern dies gesetzlich \nvorgeschrieben oder soweit Dritte diese Daten im Auftrag von Google \nverarbeiten. Google wird in keinem Fall Ihre IP-Adresse mit anderen \nDaten der Google in Verbindung bringen. Sie k\u00f6nnen die Installation der \nCookies durch eine entsprechende Einstellung Ihrer Browser Software \nverhindern; wir weisen Sie jedoch darauf hin, dass Sie in diesem Fall \ngegebenenfalls nicht s\u00e4mtliche Funktionen dieser Website voll umf\u00e4nglich\n nutzen k\u00f6nnen. Durch die Nutzung dieser Website erkl\u00e4ren Sie sich mit \nder Bearbeitung der \u00fcber Sie erhobenen Daten durch Google in der zuvor \nbeschriebenen Art und Weise und zu dem zuvor benannten Zweck \neinverstanden.<br><br><strong>Google AdSense<\/strong><br><br>\nDiese Website benutzt Google Adsense, einen Webanzeigendienst der Google\n Inc., USA (&#8220;Google&#8220;). Google Adsense verwendet sog. &#8220;Cookies&#8220; \n(Textdateien), die auf Ihrem Computer gespeichert werden und die eine \nAnalyse der Benutzung der Website durch Sie erm\u00f6glicht. Google Adsense \nverwendet auch sog. &#8220;Web Beacons&#8220; (kleine unsichtbare Grafiken) zur \nSammlung von Informationen. Durch die Verwendung des Web Beacons k\u00f6nnen \neinfache Aktionen wie der Besucherverkehr auf der Webseite aufgezeichnet\n und gesammelt werden. Die durch den Cookie und\/oder Web Beacon \nerzeugten Informationen \u00fcber Ihre Benutzung dieser Website \n(einschlie\u00dflich Ihrer IP-Adresse) werden an einen Server von Google in \nden USA \u00fcbertragen und dort gespeichert. Google wird diese Informationen\n benutzen, um Ihre Nutzung der Website im Hinblick auf die Anzeigen \nauszuwerten, um Reports \u00fcber die Websiteaktivit\u00e4ten und Anzeigen f\u00fcr die\n Websitebetreiber zusammenzustellen und um weitere mit der \nWebsitenutzung und der Internetnutzung verbundene Dienstleistungen zu \nerbringen. Auch wird Google diese Informationen gegebenenfalls an Dritte\n \u00fcbertragen, sofern dies gesetzlich vorgeschrieben oder soweit Dritte \ndiese Daten im Auftrag von Google verarbeiten. Google wird in keinem \nFall Ihre IP-Adresse mit anderen Daten der Google in Verbindung bringen.\n Das Speichern von Cookies auf Ihrer Festplatte und die Anzeige von Web \nBeacons k\u00f6nnen Sie verhindern, indem Sie in Ihren Browser-Einstellungen \n&#8220;keine Cookies akzeptieren&#8220; w\u00e4hlen (Im MS Internet-Explorer unter \n&#8220;Extras &gt; Internetoptionen &gt; Datenschutz &gt; Einstellung&#8220;; im \nFirefox unter &#8220;Extras &gt; Einstellungen &gt; Datenschutz &gt; \nCookies&#8220;); wir weisen Sie jedoch darauf hin, dass Sie in diesem Fall \ngegebenenfalls nicht s\u00e4mtliche Funktionen dieser Website voll umf\u00e4nglich\n nutzen k\u00f6nnen. Durch die Nutzung dieser Website erkl\u00e4ren Sie sich mit \nder Bearbeitung der \u00fcber Sie erhobenen Daten durch Google in der zuvor \nbeschriebenen Art und Weise und zu dem zuvor benannten Zweck \neinverstanden.<\/p>\n","protected":false},"excerpt":{"rendered":"<p>Angaben gem\u00e4\u00df \u00a7 5 TMG Dr. Alexandra NikolaidesDiplom Psychologin &amp;Psychologische Psychotherapeutin Auf dem Berlich 3450667 K\u00f6ln Vertreten durch: Dr. Alexandra Nikolaides Kontakt: Telefon: 0176-78392245 E-Mail: info@alexandra-nikolaides.de Aufsichtsbeh\u00f6rde: Psychotherapeutenkammer NRW Haftungsausschluss: Haftung f\u00fcr Inhalte Die Inhalte unserer Seiten wurden mit gr\u00f6\u00dfter Sorgfalt erstellt. F\u00fcr die Richtigkeit, Vollst\u00e4ndigkeit und Aktualit\u00e4t der Inhalte k\u00f6nnen wir jedoch keine Gew\u00e4hr &hellip; <\/p>\n<p class=\"link-more\"><a href=\"https:\/\/alexandra-nikolaides.de\/?page_id=9\" class=\"more-link\"><span class=\"screen-reader-text\">\u201eImpressum\u201c<\/span> weiterlesen<\/a><\/p>\n","protected":false},"author":1,"featured_media":0,"parent":0,"menu_order":0,"comment_status":"closed","ping_status":"closed","template":"","meta":{"footnotes":""},"class_list":["post-9","page","type-page","status-publish","hentry"],"jetpack_sharing_enabled":true,"_links":{"self":[{"href":"https:\/\/alexandra-nikolaides.de\/index.php?rest_route=\/wp\/v2\/pages\/9","targetHints":{"allow":["GET"]}}],"collection":[{"href":"https:\/\/alexandra-nikolaides.de\/index.php?rest_route=\/wp\/v2\/pages"}],"about":[{"href":"https:\/\/alexandra-nikolaides.de\/index.php?rest_route=\/wp\/v2\/types\/page"}],"author":[{"embeddable":true,"href":"https:\/\/alexandra-nikolaides.de\/index.php?rest_route=\/wp\/v2\/users\/1"}],"replies":[{"embeddable":true,"href":"https:\/\/alexandra-nikolaides.de\/index.php?rest_route=%2Fwp%2Fv2%2Fcomments&post=9"}],"version-history":[{"count":3,"href":"https:\/\/alexandra-nikolaides.de\/index.php?rest_route=\/wp\/v2\/pages\/9\/revisions"}],"predecessor-version":[{"id":32,"href":"https:\/\/alexandra-nikolaides.de\/index.php?rest_route=\/wp\/v2\/pages\/9\/revisions\/32"}],"wp:attachment":[{"href":"https:\/\/alexandra-nikolaides.de\/index.php?rest_route=%2Fwp%2Fv2%2Fmedia&parent=9"}],"curies":[{"name":"wp","href":"https:\/\/api.w.org\/{rel}","templated":true}]}}